{"id":4318,"date":"2021-11-09T09:52:54","date_gmt":"2021-11-09T09:52:54","guid":{"rendered":"https:\/\/smartsolutions.geurtswebdesign.nl\/?page_id=4318"},"modified":"2023-03-24T13:22:04","modified_gmt":"2023-03-24T13:22:04","slug":"smart-solutions-gmbh","status":"publish","type":"page","link":"https:\/\/smartsolutions.geurtswebdesign.com\/de\/uber-uns\/smart-solutions-gmbh\/","title":{"rendered":"Smart Solutions GmbH"},"content":{"rendered":"\t\t<div data-elementor-type=\"wp-page\" data-elementor-id=\"4318\" class=\"elementor elementor-4318\">\n\t\t\t\t\t\t<div class=\"elementor-inner\">\n\t\t\t\t<div class=\"elementor-section-wrap\">\n\t\t\t\t\t\t\t\t\t<section class=\"elementor-section elementor-top-section elementor-element elementor-element-f04ed75 elementor-section-height-min-height elementor-section-boxed elementor-section-height-default elementor-section-items-middle\" data-id=\"f04ed75\" data-element_type=\"section\" data-settings=\"{&quot;background_background&quot;:&quot;classic&quot;}\">\n\t\t\t\t\t\t<div class=\"elementor-container elementor-column-gap-default\">\n\t\t\t\t\t\t\t<div class=\"elementor-row\">\n\t\t\t\t\t<div class=\"elementor-column elementor-col-100 elementor-top-column elementor-element elementor-element-bd558c1\" data-id=\"bd558c1\" data-element_type=\"column\">\n\t\t\t<div class=\"elementor-column-wrap elementor-element-populated\">\n\t\t\t\t\t\t\t<div class=\"elementor-widget-wrap\">\n\t\t\t\t\t\t<div class=\"elementor-element elementor-element-cda5463 elementor-widget elementor-widget-heading\" data-id=\"cda5463\" data-element_type=\"widget\" data-widget_type=\"heading.default\">\n\t\t\t\t<div class=\"elementor-widget-container\">\n\t\t\t<h1 class=\"elementor-heading-title elementor-size-default\">Smart Solutions GmbH<\/h1>\t\t<\/div>\n\t\t\t\t<\/div>\n\t\t\t\t\t\t<\/div>\n\t\t\t\t\t<\/div>\n\t\t<\/div>\n\t\t\t\t\t\t\t\t<\/div>\n\t\t\t\t\t<\/div>\n\t\t<\/section>\n\t\t\t\t<section class=\"elementor-section elementor-top-section elementor-element elementor-element-5518894 elementor-section-boxed elementor-section-height-default elementor-section-height-default\" data-id=\"5518894\" data-element_type=\"section\">\n\t\t\t\t\t\t<div class=\"elementor-container elementor-column-gap-default\">\n\t\t\t\t\t\t\t<div class=\"elementor-row\">\n\t\t\t\t\t<div class=\"elementor-column elementor-col-100 elementor-top-column elementor-element elementor-element-d793b44\" data-id=\"d793b44\" data-element_type=\"column\">\n\t\t\t<div class=\"elementor-column-wrap elementor-element-populated\">\n\t\t\t\t\t\t\t<div class=\"elementor-widget-wrap\">\n\t\t\t\t\t\t<section class=\"elementor-section elementor-inner-section elementor-element elementor-element-fc8c0fd elementor-section-boxed elementor-section-height-default elementor-section-height-default\" data-id=\"fc8c0fd\" data-element_type=\"section\">\n\t\t\t\t\t\t<div class=\"elementor-container elementor-column-gap-default\">\n\t\t\t\t\t\t\t<div class=\"elementor-row\">\n\t\t\t\t\t<div class=\"elementor-column elementor-col-50 elementor-inner-column elementor-element elementor-element-c961556\" data-id=\"c961556\" data-element_type=\"column\">\n\t\t\t<div class=\"elementor-column-wrap elementor-element-populated\">\n\t\t\t\t\t\t\t<div class=\"elementor-widget-wrap\">\n\t\t\t\t\t\t<div class=\"elementor-element elementor-element-0ed3213 elementor-widget elementor-widget-text-editor\" data-id=\"0ed3213\" data-element_type=\"widget\" data-widget_type=\"text-editor.default\">\n\t\t\t\t<div class=\"elementor-widget-container\">\n\t\t\t\t\t\t\t\t<div class=\"elementor-text-editor elementor-clearfix\">\n\t\t\t\t<span style=\"font-weight: 400;\">Die <\/span><span style=\"color: #e2001a;\"><b style=\"font-family:venus rising;\">Smart Solutions GmbH <\/b><\/span><span style=\"font-weight: 400;\">ist aufgrund jahrelanger Erfahrung die Nr. 1 in Europa bei <\/span><span style=\"font-weight: 400;\">der Entwicklung, Planung und Realisierung von aufsehenerregenden, didaktisch sinn- und\u00a0<\/span><span style=\"font-weight: 400;\">wertvollen Skigel\u00e4nden, coolen Abenteuer-Abfahrten sowie tollen interaktiven Erlebniswegen\/Spielpl\u00e4tzen f\u00fcr den Sommertourismus. Mittlerweile sind wir in 65 L\u00e4nder t\u00e4tig.<\/span>\n\n<span style=\"font-weight: 400;\">Smart Solutions GmbH geh\u00f6rt zu den kreativsten und innovativsten Firmen \u00d6sterreichs. <\/span><span style=\"font-weight: 400;\">Wir sind `<\/span><span style=\"color: #e2001a;\"><b style=\"font-family:venus rising;\">First Mover<\/b><\/span><span style=\"font-weight: 400;\">` in den Bereichen Vollschaum- Soft Figuren, GFK Figuren, sowie <\/span><span style=\"font-weight: 400;\">Aluminium-und Stahlbau. Unsere intelligenten und oft kosteng\u00fcnstigen L\u00f6sungen f\u00fchren zu erh\u00f6hter Aufmerksamkeit Ihrer Endkunden und erleichtern die Arbeit. Dadurch erzielen Sie erstens h\u00f6here Ums\u00e4tze, zweitens reduzieren Sie die internen Arbeitskosten und drittens hat Ihr Personal selbst mehr Spa\u00df bei der Arbeit, das verbessert die Motivation<\/span>\t\t\t\t\t<\/div>\n\t\t\t\t\t\t<\/div>\n\t\t\t\t<\/div>\n\t\t\t\t<div class=\"elementor-element elementor-element-df2331c elementor-widget elementor-widget-text-editor\" data-id=\"df2331c\" data-element_type=\"widget\" data-widget_type=\"text-editor.default\">\n\t\t\t\t<div class=\"elementor-widget-container\">\n\t\t\t\t\t\t\t\t<div class=\"elementor-text-editor elementor-clearfix\">\n\t\t\t\tUnser\u00a0<a href=\"\/uber-uns\/austrian-snow-sport-competence-center\/\"><b style=\"font-family:venus rising;\">Austrian Snowsport Competence Center\u00a0<\/b><\/a>garantiert zusammen mit f\u00fcnf Skischul-Partnern st\u00e4ndige Innovation. Die Smart Solutions Austrian Snowsport Test Center in Filzmoos und Kaprun sind w\u00e4hrend der Wintersaison t\u00e4glich f\u00fcr Sie ge\u00f6ffnet. Holen Sie sich neben unserer Beratung objektive Erfahrungswerte der Skischulleiter und \u00fcberzeugen Sie sich vor Ort von der Qualit\u00e4t und den M\u00f6glichkeiten unserer Produkte.\t\t\t\t\t<\/div>\n\t\t\t\t\t\t<\/div>\n\t\t\t\t<\/div>\n\t\t\t\t<div class=\"elementor-element elementor-element-ec49c4c elementor-widget elementor-widget-text-editor\" data-id=\"ec49c4c\" data-element_type=\"widget\" data-widget_type=\"text-editor.default\">\n\t\t\t\t<div class=\"elementor-widget-container\">\n\t\t\t\t\t\t\t\t<div class=\"elementor-text-editor elementor-clearfix\">\n\t\t\t\tDie\u00a0<a href=\"\/uber-uns\/strategische-allianz\/\"><b style=\"font-family:venus rising;\">strategische Allianz\u00a0<\/b><\/a>von Smart Solutions mit den Firmen Team Service | F\u00f6rderb\u00e4nder, Mr. Snow | textiler Schnee , Shape-it | individuelle Snowparks, BigAirBag | weltweit f\u00fchrender Airbag Spezialist und Pool Alpin | Einkaufsgemeinschaft, macht uns in Kombination mit den permanent in der Entwicklung einflie\u00dfenden Erfahrungswerten aus dem Austrian Snowsport Competence Center zu einem professionellen Anbieter von schl\u00fcsselfertigen Projekten.\t\t\t\t\t<\/div>\n\t\t\t\t\t\t<\/div>\n\t\t\t\t<\/div>\n\t\t\t\t\t\t<\/div>\n\t\t\t\t\t<\/div>\n\t\t<\/div>\n\t\t\t\t<div class=\"elementor-column elementor-col-50 elementor-inner-column elementor-element elementor-element-557b704\" data-id=\"557b704\" data-element_type=\"column\">\n\t\t\t<div class=\"elementor-column-wrap elementor-element-populated\">\n\t\t\t\t\t\t\t<div class=\"elementor-widget-wrap\">\n\t\t\t\t\t\t<div class=\"elementor-element elementor-element-7fab4b7 elementor-widget elementor-widget-image\" data-id=\"7fab4b7\" data-element_type=\"widget\" data-widget_type=\"image.default\">\n\t\t\t\t<div class=\"elementor-widget-container\">\n\t\t\t\t\t\t\t\t<div class=\"elementor-image\">\n\t\t\t\t\t\t\t\t\t\t\t\t<img loading=\"lazy\" decoding=\"async\" width=\"378\" height=\"385\" src=\"https:\/\/smartsolutions.geurtswebdesign.com\/wp-content\/uploads\/2018\/11\/snow-1.jpg\" class=\"attachment-large size-large wp-image-170\" alt=\"\" srcset=\"https:\/\/smartsolutions.geurtswebdesign.com\/wp-content\/uploads\/2018\/11\/snow-1.jpg 378w, https:\/\/smartsolutions.geurtswebdesign.com\/wp-content\/uploads\/2018\/11\/snow-1-295x300.jpg 295w\" sizes=\"auto, (max-width: 378px) 100vw, 378px\" \/>\t\t\t\t\t\t\t\t\t\t\t\t\t\t<\/div>\n\t\t\t\t\t\t<\/div>\n\t\t\t\t<\/div>\n\t\t\t\t\t\t<\/div>\n\t\t\t\t\t<\/div>\n\t\t<\/div>\n\t\t\t\t\t\t\t\t<\/div>\n\t\t\t\t\t<\/div>\n\t\t<\/section>\n\t\t\t\t<section class=\"elementor-section elementor-inner-section elementor-element elementor-element-7cf97f5 elementor-section-boxed elementor-section-height-default elementor-section-height-default\" data-id=\"7cf97f5\" data-element_type=\"section\">\n\t\t\t\t\t\t<div class=\"elementor-container elementor-column-gap-default\">\n\t\t\t\t\t\t\t<div class=\"elementor-row\">\n\t\t\t\t\t<div class=\"elementor-column elementor-col-50 elementor-inner-column elementor-element elementor-element-950dc2c\" data-id=\"950dc2c\" data-element_type=\"column\">\n\t\t\t<div class=\"elementor-column-wrap elementor-element-populated\">\n\t\t\t\t\t\t\t<div class=\"elementor-widget-wrap\">\n\t\t\t\t\t\t<div class=\"elementor-element elementor-element-1e2a9fe elementor-widget elementor-widget-video\" data-id=\"1e2a9fe\" data-element_type=\"widget\" data-settings=\"{&quot;youtube_url&quot;:&quot;https:\\\/\\\/www.youtube.com\\\/watch?v=XHOmBV4js_E&quot;,&quot;video_type&quot;:&quot;youtube&quot;,&quot;controls&quot;:&quot;yes&quot;}\" data-widget_type=\"video.default\">\n\t\t\t\t<div class=\"elementor-widget-container\">\n\t\t\t\t\t<div class=\"elementor-wrapper elementor-open-inline\">\n\t\t\t<div class=\"elementor-video\"><\/div>\t\t<\/div>\n\t\t\t\t<\/div>\n\t\t\t\t<\/div>\n\t\t\t\t<div class=\"elementor-element elementor-element-d66f335 elementor-widget elementor-widget-image\" data-id=\"d66f335\" data-element_type=\"widget\" data-widget_type=\"image.default\">\n\t\t\t\t<div class=\"elementor-widget-container\">\n\t\t\t\t\t\t\t\t<div class=\"elementor-image\">\n\t\t\t\t\t\t\t\t\t\t\t\t<img loading=\"lazy\" decoding=\"async\" width=\"500\" height=\"540\" src=\"https:\/\/smartsolutions.geurtswebdesign.com\/wp-content\/uploads\/2018\/11\/winter-sports-02.jpg\" class=\"attachment-large size-large wp-image-186\" alt=\"\" srcset=\"https:\/\/smartsolutions.geurtswebdesign.com\/wp-content\/uploads\/2018\/11\/winter-sports-02.jpg 500w, https:\/\/smartsolutions.geurtswebdesign.com\/wp-content\/uploads\/2018\/11\/winter-sports-02-278x300.jpg 278w\" sizes=\"auto, (max-width: 500px) 100vw, 500px\" \/>\t\t\t\t\t\t\t\t\t\t\t\t\t\t<\/div>\n\t\t\t\t\t\t<\/div>\n\t\t\t\t<\/div>\n\t\t\t\t\t\t<\/div>\n\t\t\t\t\t<\/div>\n\t\t<\/div>\n\t\t\t\t<div class=\"elementor-column elementor-col-50 elementor-inner-column elementor-element elementor-element-bbe9347\" data-id=\"bbe9347\" data-element_type=\"column\">\n\t\t\t<div class=\"elementor-column-wrap elementor-element-populated\">\n\t\t\t\t\t\t\t<div class=\"elementor-widget-wrap\">\n\t\t\t\t\t\t<div class=\"elementor-element elementor-element-78f7cfe elementor-widget elementor-widget-text-editor\" data-id=\"78f7cfe\" data-element_type=\"widget\" data-widget_type=\"text-editor.default\">\n\t\t\t\t<div class=\"elementor-widget-container\">\n\t\t\t\t\t\t\t\t<div class=\"elementor-text-editor elementor-clearfix\">\n\t\t\t\t<a href=\"\/produkte\/alu-stahl\/\"><span style=\"color: #e2001a;\"><b style=\"font-family:venus rising;\">Aluminium und Edelstahl <\/b><\/span><\/a><span style=\"font-weight: 400;\">sind unsere Leidenschaft. Wir sind EN 1090-1, EN 1090-2 und EN 1090-3 zertifiziert. In unserer T\u00dcV-gepr\u00fcften Aluminium- und Stahlbauwerkstatt hat das Thema \u201eSichere Produkte\u201c oberste Priorit\u00e4t. Durch die Kombination von Sicherheitsbewusstsein, einem effizienten Arbeitsablauf und jahrelanger Praxiserfahrung sind wir ein zuverl\u00e4ssiger Partner f\u00fcr u.a. Bergbahnen, Skischulen, Freizeitparks, die internationale Luftfahrt-, Schifffahrt- und Nahrungsmittelindustrie. Wir garantieren eine solide Basis f\u00fcr alle Ihre zuk\u00fcnftigen Aluminium und Stahlbau Projekte.<\/span>\t\t\t\t\t<\/div>\n\t\t\t\t\t\t<\/div>\n\t\t\t\t<\/div>\n\t\t\t\t<div class=\"elementor-element elementor-element-beee246 elementor-widget elementor-widget-text-editor\" data-id=\"beee246\" data-element_type=\"widget\" data-widget_type=\"text-editor.default\">\n\t\t\t\t<div class=\"elementor-widget-container\">\n\t\t\t\t\t\t\t\t<div class=\"elementor-text-editor elementor-clearfix\">\n\t\t\t\tThe\u00a0<a href=\"\/produkte\/softy\/\"><b style=\"font-family:venus rising;\">Softy\u00a0<\/b><\/a>Way: Motorik spielerisch f\u00f6rdern \u2013 maximaler Erfolg!\u00a0Wir entwickelten als erste Firma funktionelle, interaktive Soft Figuren, die den Bewegungsablauf durch gezielte \u00dcbungen optimal entwickeln und stimulieren. Unser patentierter Schneepflug Assistent ist die einzige L\u00f6sung, die funktioniert. Wir sind weltweiter Marktf\u00fchrer auf dem Gebiet drehbare Soft Figuren. ART-ICE ist die perfekte Alternative zu Natureis.\u00a0Textile Skipisten von\u00a0Mr. Snow garantieren ganzj\u00e4hriges Wintersportvergn\u00fcgen. Die neuen Hightech-Gleitmatten als Ersatz oder Erg\u00e4nzung zum Schnee \u00fcberzeugen durch hervorragende Fahreigenschaften und kinderleichte Handhabung.\t\t\t\t\t<\/div>\n\t\t\t\t\t\t<\/div>\n\t\t\t\t<\/div>\n\t\t\t\t<div class=\"elementor-element elementor-element-4d4fcae elementor-widget elementor-widget-text-editor\" data-id=\"4d4fcae\" data-element_type=\"widget\" data-widget_type=\"text-editor.default\">\n\t\t\t\t<div class=\"elementor-widget-container\">\n\t\t\t\t\t\t\t\t<div class=\"elementor-text-editor elementor-clearfix\">\n\t\t\t\tUnsere\u00a0<a href=\"\/produkte\/gfk-figuren\/\"><b style=\"font-family:venus rising;\">GFK\u00a0<\/b><\/a>Figuren setzen seit drei Jahrzehnten Ma\u00dfst\u00e4be. Wir bieten die ganze\u00a0Palette \u2013 von einfachen, kosteng\u00fcnstigen serienm\u00e4\u00dfigen Figuren, bis hin zu High-Tech\u00a0vandalismusssicheren \u201eHooligan Proof\u201c- L\u00f6sungen wie u.a. eine Burg mit Erlebniseffekten im Innenhof zum durchfahren, eine Dino Speed Rutsche quer durch einen Berg oder die Schneeschnecke erleben mit einer riesigen Drachenschwanz \u2013 Tunnel \u2013 Drachenkopf und Sound-Effekte zum durchfahren.\t\t\t\t\t<\/div>\n\t\t\t\t\t\t<\/div>\n\t\t\t\t<\/div>\n\t\t\t\t\t\t<\/div>\n\t\t\t\t\t<\/div>\n\t\t<\/div>\n\t\t\t\t\t\t\t\t<\/div>\n\t\t\t\t\t<\/div>\n\t\t<\/section>\n\t\t\t\t<div class=\"elementor-element elementor-element-5a29c47 elementor-widget elementor-widget-text-editor\" data-id=\"5a29c47\" data-element_type=\"widget\" data-widget_type=\"text-editor.default\">\n\t\t\t\t<div class=\"elementor-widget-container\">\n\t\t\t\t\t\t\t\t<div class=\"elementor-text-editor elementor-clearfix\">\n\t\t\t\t<h4 style=\"text-align: center;\"><span style=\"color: #e2001a; font-family: venus rising;\"><b>F\u00fcr uns ist NICHTS unm\u00f6glich, bis Sie uns das Gegenteil beweisen!!!!<\/b><\/span><\/h4><p>Wie niemand sonst beherrschen wir die Kunst, Ihren Bedarf zu analysieren, und gemeinsam mit Ihnen die besten L\u00f6sungen zu finden. Je schwieriger die Aufgabe ist, desto motivierter sind unsere Mitarbeiter, und bem\u00fchen sich, ein optimales Resultat zu erzielen.<\/p>\t\t\t\t\t<\/div>\n\t\t\t\t\t\t<\/div>\n\t\t\t\t<\/div>\n\t\t\t\t\t\t<\/div>\n\t\t\t\t\t<\/div>\n\t\t<\/div>\n\t\t\t\t\t\t\t\t<\/div>\n\t\t\t\t\t<\/div>\n\t\t<\/section>\n\t\t\t\t<section class=\"elementor-section elementor-top-section elementor-element elementor-element-06c9450 elementor-section-boxed elementor-section-height-default elementor-section-height-default\" data-id=\"06c9450\" data-element_type=\"section\" data-settings=\"{&quot;background_background&quot;:&quot;classic&quot;}\">\n\t\t\t\t\t\t<div class=\"elementor-container elementor-column-gap-default\">\n\t\t\t\t\t\t\t<div class=\"elementor-row\">\n\t\t\t\t\t<div class=\"elementor-column elementor-col-100 elementor-top-column elementor-element elementor-element-3d71943\" data-id=\"3d71943\" data-element_type=\"column\">\n\t\t\t<div class=\"elementor-column-wrap elementor-element-populated\">\n\t\t\t\t\t\t\t<div class=\"elementor-widget-wrap\">\n\t\t\t\t\t\t<div class=\"elementor-element elementor-element-6849543 elementor-widget elementor-widget-heading\" data-id=\"6849543\" data-element_type=\"widget\" data-widget_type=\"heading.default\">\n\t\t\t\t<div class=\"elementor-widget-container\">\n\t\t\t<h3 class=\"elementor-heading-title elementor-size-default\">Immer einen schritt voraus!<\/h3>\t\t<\/div>\n\t\t\t\t<\/div>\n\t\t\t\t\t\t<\/div>\n\t\t\t\t\t<\/div>\n\t\t<\/div>\n\t\t\t\t\t\t\t\t<\/div>\n\t\t\t\t\t<\/div>\n\t\t<\/section>\n\t\t\t\t\t\t\t\t\t<\/div>\n\t\t\t<\/div>\n\t\t\t\t\t<\/div>\n\t\t","protected":false},"excerpt":{"rendered":"<p>Die Smart Solutions GmbH ist aufgrund jahrelanger Erfahrung die Nr. 1 in Europa bei der Entwicklung, Planung und Realisierung von aufsehenerregenden, didaktisch sinn- und\u00a0wertvollen Skigel\u00e4nden, coolen Abenteuer-Abfahrten sowie tollen interaktiven Erlebniswegen\/Spielpl\u00e4tzen f\u00fcr den Sommertourismus. Mittlerweile sind wir in 65 L\u00e4nder t\u00e4tig. Smart Solutions GmbH geh\u00f6rt zu den kreativsten und innovativsten Firmen \u00d6sterreichs. Wir sind `First [&hellip;]<\/p>\n","protected":false},"author":1,"featured_media":0,"parent":5,"menu_order":31,"comment_status":"closed","ping_status":"closed","template":"","meta":{"site-sidebar-layout":"no-sidebar","site-content-layout":"page-builder","ast-site-content-layout":"default","site-content-style":"default","site-sidebar-style":"default","ast-global-header-display":"","ast-banner-title-visibility":"","ast-main-header-display":"","ast-hfb-above-header-display":"","ast-hfb-below-header-display":"","ast-hfb-mobile-header-display":"","site-post-title":"disabled","ast-breadcrumbs-content":"","ast-featured-img":"disabled","footer-sml-layout":"","ast-disable-related-posts":"","theme-transparent-header-meta":"default","adv-header-id-meta":"","stick-header-meta":"default","header-above-stick-meta":"","header-main-stick-meta":"","header-below-stick-meta":"","astra-migrate-meta-layouts":"default","ast-page-background-enabled":"default","ast-page-background-meta":{"desktop":{"background-color":"","background-image":"","background-repeat":"repeat","background-position":"center center","background-size":"auto","background-attachment":"scroll","background-type":"","background-media":"","overlay-type":"","overlay-color":"","overlay-opacity":"","overlay-gradient":""},"tablet":{"background-color":"","background-image":"","background-repeat":"repeat","background-position":"center center","background-size":"auto","background-attachment":"scroll","background-type":"","background-media":"","overlay-type":"","overlay-color":"","overlay-opacity":"","overlay-gradient":""},"mobile":{"background-color":"","background-image":"","background-repeat":"repeat","background-position":"center center","background-size":"auto","background-attachment":"scroll","background-type":"","background-media":"","overlay-type":"","overlay-color":"","overlay-opacity":"","overlay-gradient":""}},"ast-content-background-meta":{"desktop":{"background-color":"var(--ast-global-color-5)","background-image":"","background-repeat":"repeat","background-position":"center center","background-size":"auto","background-attachment":"scroll","background-type":"","background-media":"","overlay-type":"","overlay-color":"","overlay-opacity":"","overlay-gradient":""},"tablet":{"background-color":"var(--ast-global-color-5)","background-image":"","background-repeat":"repeat","background-position":"center center","background-size":"auto","background-attachment":"scroll","background-type":"","background-media":"","overlay-type":"","overlay-color":"","overlay-opacity":"","overlay-gradient":""},"mobile":{"background-color":"var(--ast-global-color-5)","background-image":"","background-repeat":"repeat","background-position":"center center","background-size":"auto","background-attachment":"scroll","background-type":"","background-media":"","overlay-type":"","overlay-color":"","overlay-opacity":"","overlay-gradient":""}},"footnotes":""},"class_list":["post-4318","page","type-page","status-publish","hentry"],"_links":{"self":[{"href":"https:\/\/smartsolutions.geurtswebdesign.com\/de\/wp-json\/wp\/v2\/pages\/4318","targetHints":{"allow":["GET"]}}],"collection":[{"href":"https:\/\/smartsolutions.geurtswebdesign.com\/de\/wp-json\/wp\/v2\/pages"}],"about":[{"href":"https:\/\/smartsolutions.geurtswebdesign.com\/de\/wp-json\/wp\/v2\/types\/page"}],"author":[{"embeddable":true,"href":"https:\/\/smartsolutions.geurtswebdesign.com\/de\/wp-json\/wp\/v2\/users\/1"}],"replies":[{"embeddable":true,"href":"https:\/\/smartsolutions.geurtswebdesign.com\/de\/wp-json\/wp\/v2\/comments?post=4318"}],"version-history":[{"count":80,"href":"https:\/\/smartsolutions.geurtswebdesign.com\/de\/wp-json\/wp\/v2\/pages\/4318\/revisions"}],"predecessor-version":[{"id":5737,"href":"https:\/\/smartsolutions.geurtswebdesign.com\/de\/wp-json\/wp\/v2\/pages\/4318\/revisions\/5737"}],"up":[{"embeddable":true,"href":"https:\/\/smartsolutions.geurtswebdesign.com\/de\/wp-json\/wp\/v2\/pages\/5"}],"wp:attachment":[{"href":"https:\/\/smartsolutions.geurtswebdesign.com\/de\/wp-json\/wp\/v2\/media?parent=4318"}],"curies":[{"name":"wp","href":"https:\/\/api.w.org\/{rel}","templated":true}]}}