{"id":4327,"date":"2021-11-09T09:56:33","date_gmt":"2021-11-09T09:56:33","guid":{"rendered":"https:\/\/smartsolutions.geurtswebdesign.nl\/?page_id=4327"},"modified":"2023-03-24T13:25:21","modified_gmt":"2023-03-24T13:25:21","slug":"planung","status":"publish","type":"page","link":"https:\/\/smartsolutions.geurtswebdesign.com\/de\/uber-uns\/planung\/","title":{"rendered":"Beratung"},"content":{"rendered":"\t\t<div data-elementor-type=\"wp-page\" data-elementor-id=\"4327\" class=\"elementor elementor-4327\">\n\t\t\t\t\t\t<div class=\"elementor-inner\">\n\t\t\t\t<div class=\"elementor-section-wrap\">\n\t\t\t\t\t\t\t\t\t<section class=\"elementor-section elementor-top-section elementor-element elementor-element-1ad02f5 elementor-section-boxed elementor-section-height-default elementor-section-height-default\" data-id=\"1ad02f5\" data-element_type=\"section\">\n\t\t\t\t\t\t<div class=\"elementor-container elementor-column-gap-default\">\n\t\t\t\t\t\t\t<div class=\"elementor-row\">\n\t\t\t\t\t<div class=\"elementor-column elementor-col-100 elementor-top-column elementor-element elementor-element-5d2c4a3\" data-id=\"5d2c4a3\" data-element_type=\"column\">\n\t\t\t<div class=\"elementor-column-wrap elementor-element-populated\">\n\t\t\t\t\t\t\t<div class=\"elementor-widget-wrap\">\n\t\t\t\t\t\t<div class=\"elementor-element elementor-element-e65502d elementor-widget elementor-widget-heading\" data-id=\"e65502d\" data-element_type=\"widget\" data-widget_type=\"heading.default\">\n\t\t\t\t<div class=\"elementor-widget-container\">\n\t\t\t<h1 class=\"elementor-heading-title elementor-size-default\">Beratung<\/h1>\t\t<\/div>\n\t\t\t\t<\/div>\n\t\t\t\t\t\t<\/div>\n\t\t\t\t\t<\/div>\n\t\t<\/div>\n\t\t\t\t\t\t\t\t<\/div>\n\t\t\t\t\t<\/div>\n\t\t<\/section>\n\t\t\t\t<section class=\"elementor-section elementor-top-section elementor-element elementor-element-1786931 elementor-section-boxed elementor-section-height-default elementor-section-height-default\" data-id=\"1786931\" data-element_type=\"section\">\n\t\t\t\t\t\t<div class=\"elementor-container elementor-column-gap-default\">\n\t\t\t\t\t\t\t<div class=\"elementor-row\">\n\t\t\t\t\t<div class=\"elementor-column elementor-col-100 elementor-top-column elementor-element elementor-element-8f5cafe\" data-id=\"8f5cafe\" data-element_type=\"column\">\n\t\t\t<div class=\"elementor-column-wrap elementor-element-populated\">\n\t\t\t\t\t\t\t<div class=\"elementor-widget-wrap\">\n\t\t\t\t\t\t<div class=\"elementor-element elementor-element-414b442 elementor-widget elementor-widget-spacer\" data-id=\"414b442\" data-element_type=\"widget\" data-widget_type=\"spacer.default\">\n\t\t\t\t<div class=\"elementor-widget-container\">\n\t\t\t\t\t<div class=\"elementor-spacer\">\n\t\t\t<div class=\"elementor-spacer-inner\"><\/div>\n\t\t<\/div>\n\t\t\t\t<\/div>\n\t\t\t\t<\/div>\n\t\t\t\t<section class=\"elementor-section elementor-inner-section elementor-element elementor-element-be97f72 elementor-section-boxed elementor-section-height-default elementor-section-height-default\" data-id=\"be97f72\" data-element_type=\"section\">\n\t\t\t\t\t\t<div class=\"elementor-container elementor-column-gap-default\">\n\t\t\t\t\t\t\t<div class=\"elementor-row\">\n\t\t\t\t\t<div class=\"elementor-column elementor-col-50 elementor-inner-column elementor-element elementor-element-b213df5\" data-id=\"b213df5\" data-element_type=\"column\">\n\t\t\t<div class=\"elementor-column-wrap elementor-element-populated\">\n\t\t\t\t\t\t\t<div class=\"elementor-widget-wrap\">\n\t\t\t\t\t\t<div class=\"elementor-element elementor-element-dd76c8c elementor-widget elementor-widget-image\" data-id=\"dd76c8c\" data-element_type=\"widget\" data-widget_type=\"image.default\">\n\t\t\t\t<div class=\"elementor-widget-container\">\n\t\t\t\t\t\t\t\t<div class=\"elementor-image\">\n\t\t\t\t\t\t\t\t\t\t\t\t<img loading=\"lazy\" decoding=\"async\" width=\"1024\" height=\"655\" src=\"https:\/\/smartsolutions.geurtswebdesign.com\/wp-content\/uploads\/2022\/10\/F3-1024x655.jpg\" class=\"attachment-large size-large wp-image-5220\" alt=\"\" srcset=\"https:\/\/smartsolutions.geurtswebdesign.com\/wp-content\/uploads\/2022\/10\/F3-1024x655.jpg 1024w, https:\/\/smartsolutions.geurtswebdesign.com\/wp-content\/uploads\/2022\/10\/F3-300x192.jpg 300w, https:\/\/smartsolutions.geurtswebdesign.com\/wp-content\/uploads\/2022\/10\/F3-768x491.jpg 768w, https:\/\/smartsolutions.geurtswebdesign.com\/wp-content\/uploads\/2022\/10\/F3-1536x982.jpg 1536w, https:\/\/smartsolutions.geurtswebdesign.com\/wp-content\/uploads\/2022\/10\/F3-2048x1310.jpg 2048w\" sizes=\"auto, (max-width: 1024px) 100vw, 1024px\" \/>\t\t\t\t\t\t\t\t\t\t\t\t\t\t<\/div>\n\t\t\t\t\t\t<\/div>\n\t\t\t\t<\/div>\n\t\t\t\t\t\t<\/div>\n\t\t\t\t\t<\/div>\n\t\t<\/div>\n\t\t\t\t<div class=\"elementor-column elementor-col-50 elementor-inner-column elementor-element elementor-element-ddb1226\" data-id=\"ddb1226\" data-element_type=\"column\">\n\t\t\t<div class=\"elementor-column-wrap elementor-element-populated\">\n\t\t\t\t\t\t\t<div class=\"elementor-widget-wrap\">\n\t\t\t\t\t\t<div class=\"elementor-element elementor-element-0571ff7 elementor-widget elementor-widget-heading\" data-id=\"0571ff7\" data-element_type=\"widget\" data-widget_type=\"heading.default\">\n\t\t\t\t<div class=\"elementor-widget-container\">\n\t\t\t<h3 class=\"elementor-heading-title elementor-size-default\">Beratung<\/h3>\t\t<\/div>\n\t\t\t\t<\/div>\n\t\t\t\t<div class=\"elementor-element elementor-element-c8a77ac elementor-widget elementor-widget-text-editor\" data-id=\"c8a77ac\" data-element_type=\"widget\" data-widget_type=\"text-editor.default\">\n\t\t\t\t<div class=\"elementor-widget-container\">\n\t\t\t\t\t\t\t\t<div class=\"elementor-text-editor elementor-clearfix\">\n\t\t\t\t<p><span style=\"font-weight: 400;\">Im harten Konkurrenzkampf gewinnen diejenigen mit einer optimal auf Ihrer Zielgruppe abgestimmten Kommunikationsstrategie. Dabei wird es immer wichtiger, die eigene Identit\u00e4t in die Strategie mit einzubeziehen.<\/span><\/p>\t\t\t\t\t<\/div>\n\t\t\t\t\t\t<\/div>\n\t\t\t\t<\/div>\n\t\t\t\t\t\t<\/div>\n\t\t\t\t\t<\/div>\n\t\t<\/div>\n\t\t\t\t\t\t\t\t<\/div>\n\t\t\t\t\t<\/div>\n\t\t<\/section>\n\t\t\t\t<div class=\"elementor-element elementor-element-75c5e9c elementor-widget-divider--view-line elementor-widget elementor-widget-divider\" data-id=\"75c5e9c\" data-element_type=\"widget\" data-widget_type=\"divider.default\">\n\t\t\t\t<div class=\"elementor-widget-container\">\n\t\t\t\t\t<div class=\"elementor-divider\">\n\t\t\t<span class=\"elementor-divider-separator\">\n\t\t\t\t\t\t<\/span>\n\t\t<\/div>\n\t\t\t\t<\/div>\n\t\t\t\t<\/div>\n\t\t\t\t<section class=\"elementor-section elementor-inner-section elementor-element elementor-element-d5fc111 elementor-section-boxed elementor-section-height-default elementor-section-height-default\" data-id=\"d5fc111\" data-element_type=\"section\">\n\t\t\t\t\t\t<div class=\"elementor-container elementor-column-gap-default\">\n\t\t\t\t\t\t\t<div class=\"elementor-row\">\n\t\t\t\t\t<div class=\"elementor-column elementor-col-50 elementor-inner-column elementor-element elementor-element-0237a01\" data-id=\"0237a01\" data-element_type=\"column\">\n\t\t\t<div class=\"elementor-column-wrap elementor-element-populated\">\n\t\t\t\t\t\t\t<div class=\"elementor-widget-wrap\">\n\t\t\t\t\t\t<div class=\"elementor-element elementor-element-5fd4e42 elementor-widget elementor-widget-text-editor\" data-id=\"5fd4e42\" data-element_type=\"widget\" data-widget_type=\"text-editor.default\">\n\t\t\t\t<div class=\"elementor-widget-container\">\n\t\t\t\t\t\t\t\t<div class=\"elementor-text-editor elementor-clearfix\">\n\t\t\t\t<p><span style=\"font-weight: 400;\">Klassische Kommunikationskan\u00e4le Formen wie Druck, Fernsehen oder Website m\u00fcssen nicht f\u00fcr jedes Unternehmen den richtigen Auftritt sein. Guerilla Marketing Techniken, Facebook, Twitter oder 3D Figuren sind \u2013 einzeln oder kombiniert \u2013 oft viel wertvoller.\u00a0<\/span><\/p><p>\u00a0<\/p><p><span style=\"font-weight: 400;\">Wir kennen uns aus und wissen wie die Zielgruppen in Europa am besten anzusprechen sind, in welcher Erscheinungsform. Sowohl \u00fcber welche Plattformen wie auch in Ihrem Gel\u00e4nde.<\/span><\/p>\t\t\t\t\t<\/div>\n\t\t\t\t\t\t<\/div>\n\t\t\t\t<\/div>\n\t\t\t\t\t\t<\/div>\n\t\t\t\t\t<\/div>\n\t\t<\/div>\n\t\t\t\t<div class=\"elementor-column elementor-col-50 elementor-inner-column elementor-element elementor-element-803b7b9\" data-id=\"803b7b9\" data-element_type=\"column\">\n\t\t\t<div class=\"elementor-column-wrap elementor-element-populated\">\n\t\t\t\t\t\t\t<div class=\"elementor-widget-wrap\">\n\t\t\t\t\t\t<div class=\"elementor-element elementor-element-8e0fbdb elementor-widget elementor-widget-image\" data-id=\"8e0fbdb\" data-element_type=\"widget\" data-widget_type=\"image.default\">\n\t\t\t\t<div class=\"elementor-widget-container\">\n\t\t\t\t\t\t\t\t<div class=\"elementor-image\">\n\t\t\t\t\t\t\t\t\t\t\t\t<img loading=\"lazy\" decoding=\"async\" width=\"1024\" height=\"694\" src=\"https:\/\/smartsolutions.geurtswebdesign.com\/wp-content\/uploads\/2022\/10\/F5-1024x694.jpg\" class=\"attachment-large size-large wp-image-5214\" alt=\"\" srcset=\"https:\/\/smartsolutions.geurtswebdesign.com\/wp-content\/uploads\/2022\/10\/F5-1024x694.jpg 1024w, https:\/\/smartsolutions.geurtswebdesign.com\/wp-content\/uploads\/2022\/10\/F5-300x203.jpg 300w, https:\/\/smartsolutions.geurtswebdesign.com\/wp-content\/uploads\/2022\/10\/F5-768x521.jpg 768w, https:\/\/smartsolutions.geurtswebdesign.com\/wp-content\/uploads\/2022\/10\/F5-1536x1042.jpg 1536w, https:\/\/smartsolutions.geurtswebdesign.com\/wp-content\/uploads\/2022\/10\/F5-2048x1389.jpg 2048w\" sizes=\"auto, (max-width: 1024px) 100vw, 1024px\" \/>\t\t\t\t\t\t\t\t\t\t\t\t\t\t<\/div>\n\t\t\t\t\t\t<\/div>\n\t\t\t\t<\/div>\n\t\t\t\t\t\t<\/div>\n\t\t\t\t\t<\/div>\n\t\t<\/div>\n\t\t\t\t\t\t\t\t<\/div>\n\t\t\t\t\t<\/div>\n\t\t<\/section>\n\t\t\t\t<div class=\"elementor-element elementor-element-206fd79 elementor-widget-divider--view-line elementor-widget elementor-widget-divider\" data-id=\"206fd79\" data-element_type=\"widget\" data-widget_type=\"divider.default\">\n\t\t\t\t<div class=\"elementor-widget-container\">\n\t\t\t\t\t<div class=\"elementor-divider\">\n\t\t\t<span class=\"elementor-divider-separator\">\n\t\t\t\t\t\t<\/span>\n\t\t<\/div>\n\t\t\t\t<\/div>\n\t\t\t\t<\/div>\n\t\t\t\t<section class=\"elementor-section elementor-inner-section elementor-element elementor-element-e2783e8 elementor-section-boxed elementor-section-height-default elementor-section-height-default\" data-id=\"e2783e8\" data-element_type=\"section\">\n\t\t\t\t\t\t<div class=\"elementor-container elementor-column-gap-default\">\n\t\t\t\t\t\t\t<div class=\"elementor-row\">\n\t\t\t\t\t<div class=\"elementor-column elementor-col-50 elementor-inner-column elementor-element elementor-element-de3fdf8\" data-id=\"de3fdf8\" data-element_type=\"column\">\n\t\t\t<div class=\"elementor-column-wrap elementor-element-populated\">\n\t\t\t\t\t\t\t<div class=\"elementor-widget-wrap\">\n\t\t\t\t\t\t<div class=\"elementor-element elementor-element-0639a47 elementor-widget elementor-widget-image\" data-id=\"0639a47\" data-element_type=\"widget\" data-widget_type=\"image.default\">\n\t\t\t\t<div class=\"elementor-widget-container\">\n\t\t\t\t\t\t\t\t<div class=\"elementor-image\">\n\t\t\t\t\t\t\t\t\t\t\t\t<img loading=\"lazy\" decoding=\"async\" width=\"1024\" height=\"700\" src=\"https:\/\/smartsolutions.geurtswebdesign.com\/wp-content\/uploads\/2022\/10\/F4-1024x700.jpg\" class=\"attachment-large size-large wp-image-5217\" alt=\"\" srcset=\"https:\/\/smartsolutions.geurtswebdesign.com\/wp-content\/uploads\/2022\/10\/F4-1024x700.jpg 1024w, https:\/\/smartsolutions.geurtswebdesign.com\/wp-content\/uploads\/2022\/10\/F4-300x205.jpg 300w, https:\/\/smartsolutions.geurtswebdesign.com\/wp-content\/uploads\/2022\/10\/F4-768x525.jpg 768w, https:\/\/smartsolutions.geurtswebdesign.com\/wp-content\/uploads\/2022\/10\/F4-1536x1050.jpg 1536w, https:\/\/smartsolutions.geurtswebdesign.com\/wp-content\/uploads\/2022\/10\/F4-2048x1400.jpg 2048w\" sizes=\"auto, (max-width: 1024px) 100vw, 1024px\" \/>\t\t\t\t\t\t\t\t\t\t\t\t\t\t<\/div>\n\t\t\t\t\t\t<\/div>\n\t\t\t\t<\/div>\n\t\t\t\t\t\t<\/div>\n\t\t\t\t\t<\/div>\n\t\t<\/div>\n\t\t\t\t<div class=\"elementor-column elementor-col-50 elementor-inner-column elementor-element elementor-element-e28c1c7\" data-id=\"e28c1c7\" data-element_type=\"column\">\n\t\t\t<div class=\"elementor-column-wrap elementor-element-populated\">\n\t\t\t\t\t\t\t<div class=\"elementor-widget-wrap\">\n\t\t\t\t\t\t<div class=\"elementor-element elementor-element-163481e elementor-widget elementor-widget-heading\" data-id=\"163481e\" data-element_type=\"widget\" data-widget_type=\"heading.default\">\n\t\t\t\t<div class=\"elementor-widget-container\">\n\t\t\t<h3 class=\"elementor-heading-title elementor-size-default\">Vorteile<\/h3>\t\t<\/div>\n\t\t\t\t<\/div>\n\t\t\t\t<div class=\"elementor-element elementor-element-303ac58 elementor-widget elementor-widget-text-editor\" data-id=\"303ac58\" data-element_type=\"widget\" data-widget_type=\"text-editor.default\">\n\t\t\t\t<div class=\"elementor-widget-container\">\n\t\t\t\t\t\t\t\t<div class=\"elementor-text-editor elementor-clearfix\">\n\t\t\t\t<ul>\n \t<li>Kostenersparnisse durch den richtigen Marketing Mix f\u00fcr Ihre Zielgruppe<\/li>\n \t<li>Intelligente, ma\u00df geschnittene Gesamtkonzepte die eventuell \u00fcber mehrere Jahren zu realisieren sind<\/li>\n \t<li>Exzellente Gel\u00e4ndeplanung die langfristig greift durch praxiserfahrene Profis<\/li>\n<\/ul>\t\t\t\t\t<\/div>\n\t\t\t\t\t\t<\/div>\n\t\t\t\t<\/div>\n\t\t\t\t\t\t<\/div>\n\t\t\t\t\t<\/div>\n\t\t<\/div>\n\t\t\t\t\t\t\t\t<\/div>\n\t\t\t\t\t<\/div>\n\t\t<\/section>\n\t\t\t\t<div class=\"elementor-element elementor-element-e74f016 elementor-widget elementor-widget-spacer\" data-id=\"e74f016\" data-element_type=\"widget\" data-widget_type=\"spacer.default\">\n\t\t\t\t<div class=\"elementor-widget-container\">\n\t\t\t\t\t<div class=\"elementor-spacer\">\n\t\t\t<div class=\"elementor-spacer-inner\"><\/div>\n\t\t<\/div>\n\t\t\t\t<\/div>\n\t\t\t\t<\/div>\n\t\t\t\t\t\t<\/div>\n\t\t\t\t\t<\/div>\n\t\t<\/div>\n\t\t\t\t\t\t\t\t<\/div>\n\t\t\t\t\t<\/div>\n\t\t<\/section>\n\t\t\t\t<section class=\"elementor-section elementor-top-section elementor-element elementor-element-56488f8 elementor-section-boxed elementor-section-height-default elementor-section-height-default\" data-id=\"56488f8\" data-element_type=\"section\" data-settings=\"{&quot;background_background&quot;:&quot;classic&quot;}\">\n\t\t\t\t\t\t<div class=\"elementor-container elementor-column-gap-default\">\n\t\t\t\t\t\t\t<div class=\"elementor-row\">\n\t\t\t\t\t<div class=\"elementor-column elementor-col-100 elementor-top-column elementor-element elementor-element-6539193\" data-id=\"6539193\" data-element_type=\"column\">\n\t\t\t<div class=\"elementor-column-wrap elementor-element-populated\">\n\t\t\t\t\t\t\t<div class=\"elementor-widget-wrap\">\n\t\t\t\t\t\t<div class=\"elementor-element elementor-element-56c8d2c elementor-widget elementor-widget-heading\" data-id=\"56c8d2c\" data-element_type=\"widget\" data-widget_type=\"heading.default\">\n\t\t\t\t<div class=\"elementor-widget-container\">\n\t\t\t<h3 class=\"elementor-heading-title elementor-size-default\">Immer einen schritt voraus!<\/h3>\t\t<\/div>\n\t\t\t\t<\/div>\n\t\t\t\t\t\t<\/div>\n\t\t\t\t\t<\/div>\n\t\t<\/div>\n\t\t\t\t\t\t\t\t<\/div>\n\t\t\t\t\t<\/div>\n\t\t<\/section>\n\t\t\t\t\t\t\t\t\t<\/div>\n\t\t\t<\/div>\n\t\t\t\t\t<\/div>\n\t\t","protected":false},"excerpt":{"rendered":"<p>Beratung Im harten Konkurrenzkampf gewinnen diejenigen mit einer optimal auf Ihrer Zielgruppe abgestimmten Kommunikationsstrategie. Dabei wird es immer wichtiger, die eigene Identit\u00e4t in die Strategie mit einzubeziehen. Klassische Kommunikationskan\u00e4le Formen wie Druck, Fernsehen oder Website m\u00fcssen nicht f\u00fcr jedes Unternehmen den richtigen Auftritt sein. Guerilla Marketing Techniken, Facebook, Twitter oder 3D Figuren sind \u2013 einzeln [&hellip;]<\/p>\n","protected":false},"author":1,"featured_media":0,"parent":5,"menu_order":34,"comment_status":"closed","ping_status":"closed","template":"","meta":{"site-sidebar-layout":"no-sidebar","site-content-layout":"page-builder","ast-site-content-layout":"default","site-content-style":"default","site-sidebar-style":"default","ast-global-header-display":"","ast-banner-title-visibility":"","ast-main-header-display":"","ast-hfb-above-header-display":"","ast-hfb-below-header-display":"","ast-hfb-mobile-header-display":"","site-post-title":"disabled","ast-breadcrumbs-content":"","ast-featured-img":"disabled","footer-sml-layout":"","ast-disable-related-posts":"","theme-transparent-header-meta":"default","adv-header-id-meta":"","stick-header-meta":"default","header-above-stick-meta":"","header-main-stick-meta":"","header-below-stick-meta":"","astra-migrate-meta-layouts":"default","ast-page-background-enabled":"default","ast-page-background-meta":{"desktop":{"background-color":"","background-image":"","background-repeat":"repeat","background-position":"center center","background-size":"auto","background-attachment":"scroll","background-type":"","background-media":"","overlay-type":"","overlay-color":"","overlay-opacity":"","overlay-gradient":""},"tablet":{"background-color":"","background-image":"","background-repeat":"repeat","background-position":"center center","background-size":"auto","background-attachment":"scroll","background-type":"","background-media":"","overlay-type":"","overlay-color":"","overlay-opacity":"","overlay-gradient":""},"mobile":{"background-color":"","background-image":"","background-repeat":"repeat","background-position":"center center","background-size":"auto","background-attachment":"scroll","background-type":"","background-media":"","overlay-type":"","overlay-color":"","overlay-opacity":"","overlay-gradient":""}},"ast-content-background-meta":{"desktop":{"background-color":"var(--ast-global-color-5)","background-image":"","background-repeat":"repeat","background-position":"center center","background-size":"auto","background-attachment":"scroll","background-type":"","background-media":"","overlay-type":"","overlay-color":"","overlay-opacity":"","overlay-gradient":""},"tablet":{"background-color":"var(--ast-global-color-5)","background-image":"","background-repeat":"repeat","background-position":"center center","background-size":"auto","background-attachment":"scroll","background-type":"","background-media":"","overlay-type":"","overlay-color":"","overlay-opacity":"","overlay-gradient":""},"mobile":{"background-color":"var(--ast-global-color-5)","background-image":"","background-repeat":"repeat","background-position":"center center","background-size":"auto","background-attachment":"scroll","background-type":"","background-media":"","overlay-type":"","overlay-color":"","overlay-opacity":"","overlay-gradient":""}},"footnotes":""},"class_list":["post-4327","page","type-page","status-publish","hentry"],"_links":{"self":[{"href":"https:\/\/smartsolutions.geurtswebdesign.com\/de\/wp-json\/wp\/v2\/pages\/4327","targetHints":{"allow":["GET"]}}],"collection":[{"href":"https:\/\/smartsolutions.geurtswebdesign.com\/de\/wp-json\/wp\/v2\/pages"}],"about":[{"href":"https:\/\/smartsolutions.geurtswebdesign.com\/de\/wp-json\/wp\/v2\/types\/page"}],"author":[{"embeddable":true,"href":"https:\/\/smartsolutions.geurtswebdesign.com\/de\/wp-json\/wp\/v2\/users\/1"}],"replies":[{"embeddable":true,"href":"https:\/\/smartsolutions.geurtswebdesign.com\/de\/wp-json\/wp\/v2\/comments?post=4327"}],"version-history":[{"count":29,"href":"https:\/\/smartsolutions.geurtswebdesign.com\/de\/wp-json\/wp\/v2\/pages\/4327\/revisions"}],"predecessor-version":[{"id":5746,"href":"https:\/\/smartsolutions.geurtswebdesign.com\/de\/wp-json\/wp\/v2\/pages\/4327\/revisions\/5746"}],"up":[{"embeddable":true,"href":"https:\/\/smartsolutions.geurtswebdesign.com\/de\/wp-json\/wp\/v2\/pages\/5"}],"wp:attachment":[{"href":"https:\/\/smartsolutions.geurtswebdesign.com\/de\/wp-json\/wp\/v2\/media?parent=4327"}],"curies":[{"name":"wp","href":"https:\/\/api.w.org\/{rel}","templated":true}]}}