{"id":4380,"date":"2021-11-09T10:05:54","date_gmt":"2021-11-09T10:05:54","guid":{"rendered":"https:\/\/smartsolutions.geurtswebdesign.nl\/?page_id=4380"},"modified":"2023-03-13T15:37:17","modified_gmt":"2023-03-13T15:37:17","slug":"drehbare-soft-figuren","status":"publish","type":"page","link":"https:\/\/smartsolutions.geurtswebdesign.com\/de\/produkte\/softy\/drehbare-soft-figuren\/","title":{"rendered":"Drehbare Soft Figuren"},"content":{"rendered":"\t\t<div data-elementor-type=\"wp-page\" data-elementor-id=\"4380\" class=\"elementor elementor-4380\">\n\t\t\t\t\t\t<div class=\"elementor-inner\">\n\t\t\t\t<div class=\"elementor-section-wrap\">\n\t\t\t\t\t\t\t\t\t<section class=\"elementor-section elementor-top-section elementor-element elementor-element-7f7b851e elementor-section-height-min-height elementor-section-boxed elementor-section-height-default elementor-section-items-middle\" data-id=\"7f7b851e\" data-element_type=\"section\" data-settings=\"{&quot;background_background&quot;:&quot;classic&quot;}\">\n\t\t\t\t\t\t<div class=\"elementor-container elementor-column-gap-default\">\n\t\t\t\t\t\t\t<div class=\"elementor-row\">\n\t\t\t\t\t<div class=\"elementor-column elementor-col-100 elementor-top-column elementor-element elementor-element-15917dfd\" data-id=\"15917dfd\" data-element_type=\"column\">\n\t\t\t<div class=\"elementor-column-wrap elementor-element-populated\">\n\t\t\t\t\t\t\t<div class=\"elementor-widget-wrap\">\n\t\t\t\t\t\t<div class=\"elementor-element elementor-element-5a2edc8f elementor-widget elementor-widget-heading\" data-id=\"5a2edc8f\" data-element_type=\"widget\" data-widget_type=\"heading.default\">\n\t\t\t\t<div class=\"elementor-widget-container\">\n\t\t\t<h1 class=\"elementor-heading-title elementor-size-default\">Drehbare Soft Figuren<\/h1>\t\t<\/div>\n\t\t\t\t<\/div>\n\t\t\t\t\t\t<\/div>\n\t\t\t\t\t<\/div>\n\t\t<\/div>\n\t\t\t\t\t\t\t\t<\/div>\n\t\t\t\t\t<\/div>\n\t\t<\/section>\n\t\t\t\t<section class=\"elementor-section elementor-top-section elementor-element elementor-element-2a7d391e elementor-section-boxed elementor-section-height-default elementor-section-height-default\" data-id=\"2a7d391e\" data-element_type=\"section\">\n\t\t\t\t\t\t<div class=\"elementor-container elementor-column-gap-default\">\n\t\t\t\t\t\t\t<div class=\"elementor-row\">\n\t\t\t\t\t<div class=\"elementor-column elementor-col-100 elementor-top-column elementor-element elementor-element-5c7abdf2\" data-id=\"5c7abdf2\" data-element_type=\"column\">\n\t\t\t<div class=\"elementor-column-wrap elementor-element-populated\">\n\t\t\t\t\t\t\t<div class=\"elementor-widget-wrap\">\n\t\t\t\t\t\t<div class=\"elementor-element elementor-element-1d30baa elementor-widget elementor-widget-video\" data-id=\"1d30baa\" data-element_type=\"widget\" data-settings=\"{&quot;video_type&quot;:&quot;hosted&quot;,&quot;controls&quot;:&quot;yes&quot;}\" data-widget_type=\"video.default\">\n\t\t\t\t<div class=\"elementor-widget-container\">\n\t\t\t\t\t<div class=\"e-hosted-video elementor-wrapper elementor-open-inline\">\n\t\t\t\t\t<video class=\"elementor-video\" src=\"https:\/\/smartsolutions.geurtswebdesign.com\/wp-content\/uploads\/2023\/03\/drehbar_2021.mp4\" controls=\"\" preload=\"metadata\" controlsList=\"nodownload\"><\/video>\n\t\t\t\t<\/div>\n\t\t\t\t<\/div>\n\t\t\t\t<\/div>\n\t\t\t\t<section class=\"elementor-section elementor-inner-section elementor-element elementor-element-7b4e6a0 elementor-section-boxed elementor-section-height-default elementor-section-height-default\" data-id=\"7b4e6a0\" data-element_type=\"section\">\n\t\t\t\t\t\t<div class=\"elementor-container elementor-column-gap-default\">\n\t\t\t\t\t\t\t<div class=\"elementor-row\">\n\t\t\t\t\t<div class=\"elementor-column elementor-col-50 elementor-inner-column elementor-element elementor-element-2d46dd2d\" data-id=\"2d46dd2d\" data-element_type=\"column\">\n\t\t\t<div class=\"elementor-column-wrap elementor-element-populated\">\n\t\t\t\t\t\t\t<div class=\"elementor-widget-wrap\">\n\t\t\t\t\t\t<div class=\"elementor-element elementor-element-6dd5447e elementor-widget elementor-widget-text-editor\" data-id=\"6dd5447e\" data-element_type=\"widget\" data-widget_type=\"text-editor.default\">\n\t\t\t\t<div class=\"elementor-widget-container\">\n\t\t\t\t\t\t\t\t<div class=\"elementor-text-editor elementor-clearfix\">\n\t\t\t\t<p><span style=\"font-weight: 400;\">Die patentierten drehbaren Soft-Figuren sind die ultimativen Lehrmittel und machen jedes Gel\u00e4nde zu einem spannenden, interaktiven Erlebnis.<\/span><\/p>\t\t\t\t\t<\/div>\n\t\t\t\t\t\t<\/div>\n\t\t\t\t<\/div>\n\t\t\t\t<div class=\"elementor-element elementor-element-77d205e0 elementor-widget elementor-widget-image\" data-id=\"77d205e0\" data-element_type=\"widget\" data-widget_type=\"image.default\">\n\t\t\t\t<div class=\"elementor-widget-container\">\n\t\t\t\t\t\t\t\t<div class=\"elementor-image\">\n\t\t\t\t\t\t\t\t\t\t\t\t<img loading=\"lazy\" decoding=\"async\" width=\"1024\" height=\"595\" src=\"https:\/\/smartsolutions.geurtswebdesign.com\/wp-content\/uploads\/2023\/03\/SF-11-1024x595.jpg\" class=\"attachment-large size-large wp-image-5409\" alt=\"\" srcset=\"https:\/\/smartsolutions.geurtswebdesign.com\/wp-content\/uploads\/2023\/03\/SF-11-1024x595.jpg 1024w, https:\/\/smartsolutions.geurtswebdesign.com\/wp-content\/uploads\/2023\/03\/SF-11-300x174.jpg 300w, https:\/\/smartsolutions.geurtswebdesign.com\/wp-content\/uploads\/2023\/03\/SF-11-768x446.jpg 768w, https:\/\/smartsolutions.geurtswebdesign.com\/wp-content\/uploads\/2023\/03\/SF-11-1536x892.jpg 1536w, https:\/\/smartsolutions.geurtswebdesign.com\/wp-content\/uploads\/2023\/03\/SF-11-2048x1190.jpg 2048w\" sizes=\"auto, (max-width: 1024px) 100vw, 1024px\" \/>\t\t\t\t\t\t\t\t\t\t\t\t\t\t<\/div>\n\t\t\t\t\t\t<\/div>\n\t\t\t\t<\/div>\n\t\t\t\t\t\t<\/div>\n\t\t\t\t\t<\/div>\n\t\t<\/div>\n\t\t\t\t<div class=\"elementor-column elementor-col-50 elementor-inner-column elementor-element elementor-element-09c5bde\" data-id=\"09c5bde\" data-element_type=\"column\">\n\t\t\t<div class=\"elementor-column-wrap elementor-element-populated\">\n\t\t\t\t\t\t\t<div class=\"elementor-widget-wrap\">\n\t\t\t\t\t\t<div class=\"elementor-element elementor-element-7777c1e elementor-widget elementor-widget-image\" data-id=\"7777c1e\" data-element_type=\"widget\" data-widget_type=\"image.default\">\n\t\t\t\t<div class=\"elementor-widget-container\">\n\t\t\t\t\t\t\t\t<div class=\"elementor-image\">\n\t\t\t\t\t\t\t\t\t\t\t\t<img loading=\"lazy\" decoding=\"async\" width=\"1024\" height=\"474\" src=\"https:\/\/smartsolutions.geurtswebdesign.com\/wp-content\/uploads\/2023\/03\/SF-12-1024x474.jpg\" class=\"attachment-large size-large wp-image-5412\" alt=\"\" srcset=\"https:\/\/smartsolutions.geurtswebdesign.com\/wp-content\/uploads\/2023\/03\/SF-12-1024x474.jpg 1024w, https:\/\/smartsolutions.geurtswebdesign.com\/wp-content\/uploads\/2023\/03\/SF-12-300x139.jpg 300w, https:\/\/smartsolutions.geurtswebdesign.com\/wp-content\/uploads\/2023\/03\/SF-12-768x355.jpg 768w, https:\/\/smartsolutions.geurtswebdesign.com\/wp-content\/uploads\/2023\/03\/SF-12-1536x711.jpg 1536w, https:\/\/smartsolutions.geurtswebdesign.com\/wp-content\/uploads\/2023\/03\/SF-12-2048x948.jpg 2048w\" sizes=\"auto, (max-width: 1024px) 100vw, 1024px\" \/>\t\t\t\t\t\t\t\t\t\t\t\t\t\t<\/div>\n\t\t\t\t\t\t<\/div>\n\t\t\t\t<\/div>\n\t\t\t\t<div class=\"elementor-element elementor-element-07ededf elementor-widget elementor-widget-text-editor\" data-id=\"07ededf\" data-element_type=\"widget\" data-widget_type=\"text-editor.default\">\n\t\t\t\t<div class=\"elementor-widget-container\">\n\t\t\t\t\t\t\t\t<div class=\"elementor-text-editor elementor-clearfix\">\n\t\t\t\t<h4 style=\"text-align: center; font-family: venus rising; color: #e2001a;\">1 Million Zyklen<\/h4>\n<span style=\"font-weight: 400;\">Die beweglichen Mittelk\u00f6rperteile drehen sich wie ein Propeller, w\u00e4hrend Kopf- und<\/span><span style=\"font-style: inherit; background-color: var(--ast-global-color-4); color: var(--ast-global-color-3);\">Fu\u00dfteil fixiert stehen bleiben. Drehbare Figuren sind sowohl geeignet f\u00fcr High-Five- als <\/span><span style=\"font-weight: 400;\">auch f\u00fcr H\u00fcftknick-\u00dcbungen.<\/span>\t\t\t\t\t<\/div>\n\t\t\t\t\t\t<\/div>\n\t\t\t\t<\/div>\n\t\t\t\t\t\t<\/div>\n\t\t\t\t\t<\/div>\n\t\t<\/div>\n\t\t\t\t\t\t\t\t<\/div>\n\t\t\t\t\t<\/div>\n\t\t<\/section>\n\t\t\t\t\t\t<\/div>\n\t\t\t\t\t<\/div>\n\t\t<\/div>\n\t\t\t\t\t\t\t\t<\/div>\n\t\t\t\t\t<\/div>\n\t\t<\/section>\n\t\t\t\t<section class=\"elementor-section elementor-top-section elementor-element elementor-element-09143d8 elementor-section-full_width elementor-section-height-default elementor-section-height-default\" data-id=\"09143d8\" data-element_type=\"section\">\n\t\t\t\t\t\t<div class=\"elementor-container elementor-column-gap-default\">\n\t\t\t\t\t\t\t<div class=\"elementor-row\">\n\t\t\t\t\t<div class=\"elementor-column elementor-col-100 elementor-top-column elementor-element elementor-element-cdf0359\" data-id=\"cdf0359\" data-element_type=\"column\">\n\t\t\t<div class=\"elementor-column-wrap elementor-element-populated\">\n\t\t\t\t\t\t\t<div class=\"elementor-widget-wrap\">\n\t\t\t\t\t\t<section class=\"elementor-section elementor-inner-section elementor-element elementor-element-8c24660 elementor-section-full_width elementor-section-height-min-height elementor-section-height-default\" data-id=\"8c24660\" data-element_type=\"section\">\n\t\t\t\t\t\t<div class=\"elementor-container elementor-column-gap-default\">\n\t\t\t\t\t\t\t<div class=\"elementor-row\">\n\t\t\t\t\t<div class=\"elementor-column elementor-col-100 elementor-inner-column elementor-element elementor-element-d5315e9\" data-id=\"d5315e9\" data-element_type=\"column\" data-settings=\"{&quot;background_background&quot;:&quot;classic&quot;}\">\n\t\t\t<div class=\"elementor-column-wrap elementor-element-populated\">\n\t\t\t\t\t\t\t<div class=\"elementor-widget-wrap\">\n\t\t\t\t\t\t<div class=\"elementor-element elementor-element-f2564b5 elementor-widget elementor-widget-text-editor\" data-id=\"f2564b5\" data-element_type=\"widget\" data-widget_type=\"text-editor.default\">\n\t\t\t\t<div class=\"elementor-widget-container\">\n\t\t\t\t\t\t\t\t<div class=\"elementor-text-editor elementor-clearfix\">\n\t\t\t\t<h4 style=\"font-family: 'venus rising'; color: #e2001a; text-align: center;\">Der neue, revolution\u00e4re Mechanismus des rotierenden Mittelteils<\/h4><p style=\"text-align: center;\"><span style=\"color: #000000;\">bringt diesen <span style=\"font-weight: 400;\">immer wieder in die Ausgangslage zur\u00fcck. Wir garantieren 1 Million Zyklen.<\/span><\/span><\/p>\t\t\t\t\t<\/div>\n\t\t\t\t\t\t<\/div>\n\t\t\t\t<\/div>\n\t\t\t\t\t\t<\/div>\n\t\t\t\t\t<\/div>\n\t\t<\/div>\n\t\t\t\t\t\t\t\t<\/div>\n\t\t\t\t\t<\/div>\n\t\t<\/section>\n\t\t\t\t\t\t<\/div>\n\t\t\t\t\t<\/div>\n\t\t<\/div>\n\t\t\t\t\t\t\t\t<\/div>\n\t\t\t\t\t<\/div>\n\t\t<\/section>\n\t\t\t\t<section class=\"elementor-section elementor-top-section elementor-element elementor-element-2c63b04e elementor-section-boxed elementor-section-height-default elementor-section-height-default\" data-id=\"2c63b04e\" data-element_type=\"section\" data-settings=\"{&quot;background_background&quot;:&quot;classic&quot;}\">\n\t\t\t\t\t\t<div class=\"elementor-container elementor-column-gap-default\">\n\t\t\t\t\t\t\t<div class=\"elementor-row\">\n\t\t\t\t\t<div class=\"elementor-column elementor-col-100 elementor-top-column elementor-element elementor-element-2fd2f76d\" data-id=\"2fd2f76d\" data-element_type=\"column\">\n\t\t\t<div class=\"elementor-column-wrap elementor-element-populated\">\n\t\t\t\t\t\t\t<div class=\"elementor-widget-wrap\">\n\t\t\t\t\t\t<div class=\"elementor-element elementor-element-536e6c7 elementor-widget elementor-widget-heading\" data-id=\"536e6c7\" data-element_type=\"widget\" data-widget_type=\"heading.default\">\n\t\t\t\t<div class=\"elementor-widget-container\">\n\t\t\t<h3 class=\"elementor-heading-title elementor-size-default\">Seit 2013<\/h3>\t\t<\/div>\n\t\t\t\t<\/div>\n\t\t\t\t\t\t<\/div>\n\t\t\t\t\t<\/div>\n\t\t<\/div>\n\t\t\t\t\t\t\t\t<\/div>\n\t\t\t\t\t<\/div>\n\t\t<\/section>\n\t\t\t\t\t\t\t\t\t<\/div>\n\t\t\t<\/div>\n\t\t\t\t\t<\/div>\n\t\t","protected":false},"excerpt":{"rendered":"<p>https:\/\/smartsolutions.geurtswebdesign.com\/wp-content\/uploads\/2023\/03\/drehbar_2021.mp4 Die patentierten drehbaren Soft-Figuren sind die ultimativen Lehrmittel und machen jedes Gel\u00e4nde zu einem spannenden, interaktiven Erlebnis. 1 Million Zyklen Die beweglichen Mittelk\u00f6rperteile drehen sich wie ein Propeller, w\u00e4hrend Kopf- undFu\u00dfteil fixiert stehen bleiben. Drehbare Figuren sind sowohl geeignet f\u00fcr High-Five- als auch f\u00fcr H\u00fcftknick-\u00dcbungen. Der neue, revolution\u00e4re Mechanismus des rotierenden Mittelteils bringt diesen [&hellip;]<\/p>\n","protected":false},"author":1,"featured_media":0,"parent":4336,"menu_order":531,"comment_status":"closed","ping_status":"closed","template":"","meta":{"site-sidebar-layout":"no-sidebar","site-content-layout":"page-builder","ast-site-content-layout":"default","site-content-style":"default","site-sidebar-style":"default","ast-global-header-display":"","ast-banner-title-visibility":"","ast-main-header-display":"","ast-hfb-above-header-display":"","ast-hfb-below-header-display":"","ast-hfb-mobile-header-display":"","site-post-title":"disabled","ast-breadcrumbs-content":"","ast-featured-img":"disabled","footer-sml-layout":"","ast-disable-related-posts":"","theme-transparent-header-meta":"default","adv-header-id-meta":"","stick-header-meta":"default","header-above-stick-meta":"","header-main-stick-meta":"","header-below-stick-meta":"","astra-migrate-meta-layouts":"default","ast-page-background-enabled":"default","ast-page-background-meta":{"desktop":{"background-color":"","background-image":"","background-repeat":"repeat","background-position":"center center","background-size":"auto","background-attachment":"scroll","background-type":"","background-media":"","overlay-type":"","overlay-color":"","overlay-opacity":"","overlay-gradient":""},"tablet":{"background-color":"","background-image":"","background-repeat":"repeat","background-position":"center center","background-size":"auto","background-attachment":"scroll","background-type":"","background-media":"","overlay-type":"","overlay-color":"","overlay-opacity":"","overlay-gradient":""},"mobile":{"background-color":"","background-image":"","background-repeat":"repeat","background-position":"center center","background-size":"auto","background-attachment":"scroll","background-type":"","background-media":"","overlay-type":"","overlay-color":"","overlay-opacity":"","overlay-gradient":""}},"ast-content-background-meta":{"desktop":{"background-color":"var(--ast-global-color-5)","background-image":"","background-repeat":"repeat","background-position":"center center","background-size":"auto","background-attachment":"scroll","background-type":"","background-media":"","overlay-type":"","overlay-color":"","overlay-opacity":"","overlay-gradient":""},"tablet":{"background-color":"var(--ast-global-color-5)","background-image":"","background-repeat":"repeat","background-position":"center center","background-size":"auto","background-attachment":"scroll","background-type":"","background-media":"","overlay-type":"","overlay-color":"","overlay-opacity":"","overlay-gradient":""},"mobile":{"background-color":"var(--ast-global-color-5)","background-image":"","background-repeat":"repeat","background-position":"center center","background-size":"auto","background-attachment":"scroll","background-type":"","background-media":"","overlay-type":"","overlay-color":"","overlay-opacity":"","overlay-gradient":""}},"footnotes":""},"class_list":["post-4380","page","type-page","status-publish","hentry"],"_links":{"self":[{"href":"https:\/\/smartsolutions.geurtswebdesign.com\/de\/wp-json\/wp\/v2\/pages\/4380","targetHints":{"allow":["GET"]}}],"collection":[{"href":"https:\/\/smartsolutions.geurtswebdesign.com\/de\/wp-json\/wp\/v2\/pages"}],"about":[{"href":"https:\/\/smartsolutions.geurtswebdesign.com\/de\/wp-json\/wp\/v2\/types\/page"}],"author":[{"embeddable":true,"href":"https:\/\/smartsolutions.geurtswebdesign.com\/de\/wp-json\/wp\/v2\/users\/1"}],"replies":[{"embeddable":true,"href":"https:\/\/smartsolutions.geurtswebdesign.com\/de\/wp-json\/wp\/v2\/comments?post=4380"}],"version-history":[{"count":25,"href":"https:\/\/smartsolutions.geurtswebdesign.com\/de\/wp-json\/wp\/v2\/pages\/4380\/revisions"}],"predecessor-version":[{"id":5458,"href":"https:\/\/smartsolutions.geurtswebdesign.com\/de\/wp-json\/wp\/v2\/pages\/4380\/revisions\/5458"}],"up":[{"embeddable":true,"href":"https:\/\/smartsolutions.geurtswebdesign.com\/de\/wp-json\/wp\/v2\/pages\/4336"}],"wp:attachment":[{"href":"https:\/\/smartsolutions.geurtswebdesign.com\/de\/wp-json\/wp\/v2\/media?parent=4380"}],"curies":[{"name":"wp","href":"https:\/\/api.w.org\/{rel}","templated":true}]}}